{"id":533,"date":"2012-06-08T10:16:04","date_gmt":"2012-06-08T10:16:04","guid":{"rendered":"http:\/\/www.casapreziosa.it\/angebote\/"},"modified":"2021-05-12T07:03:06","modified_gmt":"2021-05-12T07:03:06","slug":"angebote-2","status":"publish","type":"page","link":"https:\/\/www.casapreziosa.it\/de\/angebote-2\/","title":{"rendered":"Regeln und Dienste"},"content":{"rendered":"<p style=\"text-align: center;\">CHECK IN und CHECK OUT<\/p>\n<p>Am Tag Ihrer Abfahrt m\u00fcssen die Zimmer innerhalb 14:00 Uhr am Morgen ger\u00e4umt sein.<\/p>\n<p>&nbsp;<\/p>\n<p>Da die Qualit\u00e4t Ihres Aufenthaltes besonders durch die Beachtung von einfachen grundlegenden Regeln des Zusammenlebens bestimmt wird, bitten wir unsere G\u00e4ste darum:<\/p>\n<ul>\n<li>keinen st\u00f6renden L\u00e4rm zu machen, besonders in der Nacht und nachmittags bis 16 Uhr;<\/li>\n<li>das Fernsehen nicht zu laut zu stellen;<\/li>\n<li>in den gemeinsamen R\u00e4umen (Treppe und Saal) nicht zu rauchen;<\/li>\n<li>wenn das Rauchen absolut notwendig ist, rauchen Sie bitte nur am ge\u00f6ffneten Fenster Ihres Zimmers;<\/li>\n<li>keinen Zigarettenstummel in den Abfluss des Bades oder aus dem Fenster zu werfen, sondern benutzen Sie bitte den Aschenbecher, der auf Ihre Anfrage Ihnen geliefert wird;<\/li>\n<li>keine Watte, Monatsbinde oder kein anderes nicht abbaubares Material ins W.C. zu werfen.<\/li>\n<\/ul>\n<p>&nbsp;<\/p>\n<p>Aus Sicherheitsgr\u00fcnden wird die Bedienung Ihrer pers\u00f6nlichen elektrischen Ger\u00e4te nicht empfohlen.<\/p>\n<p>&nbsp;<\/p>\n<p><strong>WIR DANKEN IHNEN F\u00dcR IHRE HILFE UND WIR W\u00dcNSCHEN IHNEN EINEN ANGENEHEMEN AUFENTHALT IN CASA PREZIOSA<\/strong><\/p>\n<p>&nbsp;<\/p>\n<p>&nbsp;<\/p>\n","protected":false},"excerpt":{"rendered":"<p>CHECK IN und CHECK OUT Am Tag Ihrer Abfahrt m\u00fcssen die Zimmer innerhalb 14:00 Uhr am Morgen ger\u00e4umt sein. &nbsp; Da die Qualit\u00e4t Ihres Aufenthaltes &hellip; <\/p>\n","protected":false},"author":1,"featured_media":0,"parent":0,"menu_order":0,"comment_status":"closed","ping_status":"closed","template":"","meta":{"footnotes":""},"class_list":["post-533","page","type-page","status-publish","hentry","latest_post"],"aioseo_notices":[],"_links":{"self":[{"href":"https:\/\/www.casapreziosa.it\/de\/wp-json\/wp\/v2\/pages\/533","targetHints":{"allow":["GET"]}}],"collection":[{"href":"https:\/\/www.casapreziosa.it\/de\/wp-json\/wp\/v2\/pages"}],"about":[{"href":"https:\/\/www.casapreziosa.it\/de\/wp-json\/wp\/v2\/types\/page"}],"author":[{"embeddable":true,"href":"https:\/\/www.casapreziosa.it\/de\/wp-json\/wp\/v2\/users\/1"}],"replies":[{"embeddable":true,"href":"https:\/\/www.casapreziosa.it\/de\/wp-json\/wp\/v2\/comments?post=533"}],"version-history":[{"count":4,"href":"https:\/\/www.casapreziosa.it\/de\/wp-json\/wp\/v2\/pages\/533\/revisions"}],"predecessor-version":[{"id":922,"href":"https:\/\/www.casapreziosa.it\/de\/wp-json\/wp\/v2\/pages\/533\/revisions\/922"}],"wp:attachment":[{"href":"https:\/\/www.casapreziosa.it\/de\/wp-json\/wp\/v2\/media?parent=533"}],"curies":[{"name":"wp","href":"https:\/\/api.w.org\/{rel}","templated":true}]}}