{"id":527,"date":"2012-06-08T10:14:32","date_gmt":"2012-06-08T10:14:32","guid":{"rendered":"http:\/\/www.casapreziosa.it\/anfahrt\/"},"modified":"2021-05-11T15:26:51","modified_gmt":"2021-05-11T15:26:51","slug":"anfahrt","status":"publish","type":"page","link":"https:\/\/www.casapreziosa.it\/de\/anfahrt\/","title":{"rendered":"anfahrt"},"content":{"rendered":"<p><iframe loading=\"lazy\" width=\"100%\" height=\"450px\" frameborder=\"0\" scrolling=\"no\" marginheight=\"0\" marginwidth=\"0\" src=\"https:\/\/maps.google.it\/maps\/ms?msa=0&#038;msid=210569710594535057788.0004c11af9779b0334bc1&#038;hl=it&#038;ie=UTF8&#038;t=m&#038;ll=42.990146,13.868952&#038;spn=0.004301,0.020964&#038;z=16&#038;output=embed\"><\/iframe><\/p>\n<p style=\"text-align: justify;\">Grottammare ist eine kleine Stadt, die sich im s\u00fcdlichen Gebiet der Region Marche befindet. Sie scheint nicht anders als viele andere Fremdenverkehrsorte zu sein, die an der Mittelk\u00fcste der Adria liegen. Tats\u00e4chlich darf sie aber einer bemerkenswerten Vergangenheit und einzigartiger Natur- und Kunstsch\u00f6nheiten sich r\u00fchmen, die der kleinen Stadt einen besonderen Reiz verleihen, im Laufe der Zeit nicht ver\u00e4ndert.<\/p>\n<p style=\"text-align: justify;\">ABSTAND AUS FLUGH\u00c4FEN<\/p>\n<p> 93 Km Falconara Marittima Flugh\u00e4fen<br \/> 80 km Pescara Flugh\u00e4fen<br \/> 241 Km Roma Fiumicino Flugh\u00e4fen<\/p>\n<p style=\"text-align: justify;\">ABSTAND AUS BAHNHOF<\/p>\n<p> 4.5 Km San Benedetto del Tronto<br \/> 500 mt Grottammare<\/p>\n<p style=\"text-align: justify;\">ABSTAND AUS AUTOBAHN A14<\/p>\n<p> 1 Km Mautstelle Ausfahrt Grottammare<\/p>\n","protected":false},"excerpt":{"rendered":"<p>Grottammare ist eine kleine Stadt, die sich im s\u00fcdlichen Gebiet der Region Marche befindet. Sie scheint nicht anders als viele andere Fremdenverkehrsorte zu sein, die &hellip; <\/p>\n","protected":false},"author":1,"featured_media":0,"parent":0,"menu_order":0,"comment_status":"closed","ping_status":"closed","template":"","meta":{"footnotes":""},"class_list":["post-527","page","type-page","status-publish","hentry","latest_post"],"aioseo_notices":[],"_links":{"self":[{"href":"https:\/\/www.casapreziosa.it\/de\/wp-json\/wp\/v2\/pages\/527","targetHints":{"allow":["GET"]}}],"collection":[{"href":"https:\/\/www.casapreziosa.it\/de\/wp-json\/wp\/v2\/pages"}],"about":[{"href":"https:\/\/www.casapreziosa.it\/de\/wp-json\/wp\/v2\/types\/page"}],"author":[{"embeddable":true,"href":"https:\/\/www.casapreziosa.it\/de\/wp-json\/wp\/v2\/users\/1"}],"replies":[{"embeddable":true,"href":"https:\/\/www.casapreziosa.it\/de\/wp-json\/wp\/v2\/comments?post=527"}],"version-history":[{"count":3,"href":"https:\/\/www.casapreziosa.it\/de\/wp-json\/wp\/v2\/pages\/527\/revisions"}],"predecessor-version":[{"id":904,"href":"https:\/\/www.casapreziosa.it\/de\/wp-json\/wp\/v2\/pages\/527\/revisions\/904"}],"wp:attachment":[{"href":"https:\/\/www.casapreziosa.it\/de\/wp-json\/wp\/v2\/media?parent=527"}],"curies":[{"name":"wp","href":"https:\/\/api.w.org\/{rel}","templated":true}]}}