{"id":524,"date":"2012-06-08T10:13:41","date_gmt":"2012-06-08T10:13:41","guid":{"rendered":"http:\/\/www.casapreziosa.it\/home-2\/"},"modified":"2024-03-11T10:35:33","modified_gmt":"2024-03-11T09:35:33","slug":"home-2","status":"publish","type":"page","link":"https:\/\/www.casapreziosa.it\/de\/","title":{"rendered":"home"},"content":{"rendered":"<p><img loading=\"lazy\" decoding=\"async\" class=\"size-full wp-image-1004 aligncenter\" src=\"https:\/\/www.casapreziosa.it\/wp-content\/uploads\/2024\/03\/homecasapreziosa.png\" alt=\"\" width=\"1228\" height=\"340\" srcset=\"https:\/\/www.casapreziosa.it\/wp-content\/uploads\/2024\/03\/homecasapreziosa.png 1228w, https:\/\/www.casapreziosa.it\/wp-content\/uploads\/2024\/03\/homecasapreziosa-300x83.png 300w, https:\/\/www.casapreziosa.it\/wp-content\/uploads\/2024\/03\/homecasapreziosa-1024x284.png 1024w, https:\/\/www.casapreziosa.it\/wp-content\/uploads\/2024\/03\/homecasapreziosa-768x213.png 768w, https:\/\/www.casapreziosa.it\/wp-content\/uploads\/2024\/03\/homecasapreziosa-217x60.png 217w\" sizes=\"auto, (max-width: 1228px) 100vw, 1228px\" \/><\/p>\n<p style=\"text-align: justify;\">Ein der ersten H\u00e4user, die an der K\u00fcste gebaut wurden, stammt CASA PREZIOSA zumindest aus dem 18. Jahrhundert und, danach es v\u00f6llig restauriert wurde, ist jetzt ein kleines Hotel wo der Reiz der Vergangenheit mit dem Komfort der Gegenwart harmoniert.\u00a0Es besteht aus 6 Zimmern, die mit Dusche, Bad, Fernsehen, WIFI Internet-Anschluss\u00a0und Klimaanlage ausgestattet sind. Die Betten werden w\u00f6chentlich oder bei Bedarf neu bezogen.<\/p>\n<p>DAS GANZE JAHR GE\u00f6FFNET, hat CASA PREZIOSA eine sehr sch\u00f6ne Lage genau im Zentrum der Stadt und nur wenige Schritte vom Meer entfernt.<\/p>\n<p><img loading=\"lazy\" decoding=\"async\" class=\"aligncenter wp-image-561 size-full\" src=\"http:\/\/www.casapreziosa.it\/wp-content\/uploads\/2018\/03\/loghi-1.png\" alt=\"\" width=\"500\" height=\"74\" srcset=\"https:\/\/www.casapreziosa.it\/wp-content\/uploads\/2018\/03\/loghi-1.png 500w, https:\/\/www.casapreziosa.it\/wp-content\/uploads\/2018\/03\/loghi-1-300x44.png 300w\" sizes=\"auto, (max-width: 500px) 100vw, 500px\" \/><\/p>\n","protected":false},"excerpt":{"rendered":"<p>Ein der ersten H\u00e4user, die an der K\u00fcste gebaut wurden, stammt CASA PREZIOSA zumindest aus dem 18. Jahrhundert und, danach es v\u00f6llig restauriert wurde, ist &hellip; <\/p>\n","protected":false},"author":1,"featured_media":0,"parent":0,"menu_order":0,"comment_status":"closed","ping_status":"closed","template":"","meta":{"footnotes":""},"class_list":["post-524","page","type-page","status-publish","hentry","latest_post"],"aioseo_notices":[],"_links":{"self":[{"href":"https:\/\/www.casapreziosa.it\/de\/wp-json\/wp\/v2\/pages\/524","targetHints":{"allow":["GET"]}}],"collection":[{"href":"https:\/\/www.casapreziosa.it\/de\/wp-json\/wp\/v2\/pages"}],"about":[{"href":"https:\/\/www.casapreziosa.it\/de\/wp-json\/wp\/v2\/types\/page"}],"author":[{"embeddable":true,"href":"https:\/\/www.casapreziosa.it\/de\/wp-json\/wp\/v2\/users\/1"}],"replies":[{"embeddable":true,"href":"https:\/\/www.casapreziosa.it\/de\/wp-json\/wp\/v2\/comments?post=524"}],"version-history":[{"count":4,"href":"https:\/\/www.casapreziosa.it\/de\/wp-json\/wp\/v2\/pages\/524\/revisions"}],"predecessor-version":[{"id":1009,"href":"https:\/\/www.casapreziosa.it\/de\/wp-json\/wp\/v2\/pages\/524\/revisions\/1009"}],"wp:attachment":[{"href":"https:\/\/www.casapreziosa.it\/de\/wp-json\/wp\/v2\/media?parent=524"}],"curies":[{"name":"wp","href":"https:\/\/api.w.org\/{rel}","templated":true}]}}