{"id":521,"date":"2012-06-08T10:13:07","date_gmt":"2012-06-08T10:13:07","guid":{"rendered":"http:\/\/www.casapreziosa.it\/zimmer\/"},"modified":"2019-02-12T10:27:13","modified_gmt":"2019-02-12T10:27:13","slug":"zimmer","status":"publish","type":"page","link":"https:\/\/www.casapreziosa.it\/de\/zimmer\/","title":{"rendered":"zimmer"},"content":{"rendered":"<div id='gallery-1' class='gallery galleryid-521 gallery-columns-6 gallery-size-thumbnail'><figure class='gallery-item'>\r\n    \t\t<div class='gallery-icon portrait'>\r\n    \t\t\t<a href='https:\/\/www.casapreziosa.it\/wp-content\/uploads\/2012\/06\/casa-Preziosa-esterno.jpg' data-fancybox='group6' data-caption=''><img loading=\"lazy\" decoding=\"async\" width=\"150\" height=\"150\" src=\"https:\/\/www.casapreziosa.it\/wp-content\/uploads\/2012\/06\/casa-Preziosa-esterno-150x150.jpg\" class=\"attachment-thumbnail size-thumbnail\" alt=\"\" \/><\/a>\r\n    \t\t<\/div><\/figure><figure class='gallery-item'>\r\n    \t\t<div class='gallery-icon portrait'>\r\n    \t\t\t<a href='https:\/\/www.casapreziosa.it\/wp-content\/uploads\/2012\/06\/ingresso-benvenuti.jpg' data-fancybox='group6' data-caption=''><img loading=\"lazy\" decoding=\"async\" width=\"150\" height=\"150\" src=\"https:\/\/www.casapreziosa.it\/wp-content\/uploads\/2012\/06\/ingresso-benvenuti-150x150.jpg\" class=\"attachment-thumbnail size-thumbnail\" alt=\"\" \/><\/a>\r\n    \t\t<\/div><\/figure><figure class='gallery-item'>\r\n    \t\t<div class='gallery-icon landscape'>\r\n    \t\t\t<a href='https:\/\/www.casapreziosa.it\/wp-content\/uploads\/2012\/06\/sala.jpg' data-fancybox='group6' data-caption=''><img loading=\"lazy\" decoding=\"async\" width=\"150\" height=\"150\" src=\"https:\/\/www.casapreziosa.it\/wp-content\/uploads\/2012\/06\/sala-150x150.jpg\" class=\"attachment-thumbnail size-thumbnail\" alt=\"\" \/><\/a>\r\n    \t\t<\/div><\/figure><figure class='gallery-item'>\r\n    \t\t<div class='gallery-icon landscape'>\r\n    \t\t\t<a href='https:\/\/www.casapreziosa.it\/wp-content\/uploads\/2012\/06\/colazione.jpg' data-fancybox='group6' data-caption=''><img loading=\"lazy\" decoding=\"async\" width=\"150\" height=\"150\" src=\"https:\/\/www.casapreziosa.it\/wp-content\/uploads\/2012\/06\/colazione-150x150.jpg\" class=\"attachment-thumbnail size-thumbnail\" alt=\"\" \/><\/a>\r\n    \t\t<\/div><\/figure><figure class='gallery-item'>\r\n    \t\t<div class='gallery-icon landscape'>\r\n    \t\t\t<a href='https:\/\/www.casapreziosa.it\/wp-content\/uploads\/2012\/06\/scale.jpg' data-fancybox='group6' data-caption=''><img loading=\"lazy\" decoding=\"async\" width=\"150\" height=\"150\" src=\"https:\/\/www.casapreziosa.it\/wp-content\/uploads\/2012\/06\/scale-150x150.jpg\" class=\"attachment-thumbnail size-thumbnail\" alt=\"\" \/><\/a>\r\n    \t\t<\/div><\/figure><figure class='gallery-item'>\r\n    \t\t<div class='gallery-icon landscape'>\r\n    \t\t\t<a href='https:\/\/www.casapreziosa.it\/wp-content\/uploads\/2012\/06\/mi.jpg' data-fancybox='group6' data-caption=''><img loading=\"lazy\" decoding=\"async\" width=\"150\" height=\"150\" src=\"https:\/\/www.casapreziosa.it\/wp-content\/uploads\/2012\/06\/mi-150x150.jpg\" class=\"attachment-thumbnail size-thumbnail\" alt=\"\" \/><\/a>\r\n    \t\t<\/div><\/figure><figure class='gallery-item'>\r\n    \t\t<div class='gallery-icon landscape'>\r\n    \t\t\t<a href='https:\/\/www.casapreziosa.it\/wp-content\/uploads\/2012\/06\/doppia.jpg' data-fancybox='group6' data-caption=''><img loading=\"lazy\" decoding=\"async\" width=\"150\" height=\"150\" src=\"https:\/\/www.casapreziosa.it\/wp-content\/uploads\/2012\/06\/doppia-150x150.jpg\" class=\"attachment-thumbnail size-thumbnail\" alt=\"\" \/><\/a>\r\n    \t\t<\/div><\/figure><figure class='gallery-item'>\r\n    \t\t<div class='gallery-icon landscape'>\r\n    \t\t\t<a href='https:\/\/www.casapreziosa.it\/wp-content\/uploads\/2012\/06\/camera-doppia1.jpg' data-fancybox='group6' data-caption=''><img loading=\"lazy\" decoding=\"async\" width=\"150\" height=\"150\" src=\"https:\/\/www.casapreziosa.it\/wp-content\/uploads\/2012\/06\/camera-doppia1-150x150.jpg\" class=\"attachment-thumbnail size-thumbnail\" alt=\"\" \/><\/a>\r\n    \t\t<\/div><\/figure><figure class='gallery-item'>\r\n    \t\t<div class='gallery-icon landscape'>\r\n    \t\t\t<a href='https:\/\/www.casapreziosa.it\/wp-content\/uploads\/2012\/06\/doppia-2.jpg' data-fancybox='group6' data-caption=''><img loading=\"lazy\" decoding=\"async\" width=\"150\" height=\"150\" src=\"https:\/\/www.casapreziosa.it\/wp-content\/uploads\/2012\/06\/doppia-2-150x150.jpg\" class=\"attachment-thumbnail size-thumbnail\" alt=\"\" \/><\/a>\r\n    \t\t<\/div><\/figure><figure class='gallery-item'>\r\n    \t\t<div class='gallery-icon portrait'>\r\n    \t\t\t<a href='https:\/\/www.casapreziosa.it\/wp-content\/uploads\/2012\/06\/Bagno.jpg' data-fancybox='group6' data-caption=''><img loading=\"lazy\" decoding=\"async\" width=\"150\" height=\"150\" src=\"https:\/\/www.casapreziosa.it\/wp-content\/uploads\/2012\/06\/Bagno-150x150.jpg\" class=\"attachment-thumbnail size-thumbnail\" alt=\"\" \/><\/a>\r\n    \t\t<\/div><\/figure><figure class='gallery-item'>\r\n    \t\t<div class='gallery-icon portrait'>\r\n    \t\t\t<a href='https:\/\/www.casapreziosa.it\/wp-content\/uploads\/2012\/06\/bagno-doccia.jpg' data-fancybox='group6' data-caption=''><img loading=\"lazy\" decoding=\"async\" width=\"150\" height=\"150\" src=\"https:\/\/www.casapreziosa.it\/wp-content\/uploads\/2012\/06\/bagno-doccia-150x150.jpg\" class=\"attachment-thumbnail size-thumbnail\" alt=\"\" \/><\/a>\r\n    \t\t<\/div><\/figure><figure class='gallery-item'>\r\n    \t\t<div class='gallery-icon landscape'>\r\n    \t\t\t<a href='https:\/\/www.casapreziosa.it\/wp-content\/uploads\/2012\/06\/terrazzo.jpg' data-fancybox='group6' data-caption=''><img loading=\"lazy\" decoding=\"async\" width=\"150\" height=\"150\" src=\"https:\/\/www.casapreziosa.it\/wp-content\/uploads\/2012\/06\/terrazzo-150x150.jpg\" class=\"attachment-thumbnail size-thumbnail\" alt=\"\" \/><\/a>\r\n    \t\t<\/div><\/figure>\r\n    \t<\/div>\n\n<ul>\n<li>Alle Zimmer sind mit Klimaanlage, eigenem Bad, Flachbild-TV und kostenfreiem WLAN ausgestattet.<\/li>\n<li>Alle Badezimmer verf\u00fcgen \u00fcber Dusche, WC, Bidet, Handt\u00fccher, Haartrockner und kostenlose Toilettenartikel.<\/li>\n<li>Tiere sind nicht erlaubt.<\/li>\n<\/ul>\n","protected":false},"excerpt":{"rendered":"<p>Alle Zimmer sind mit Klimaanlage, eigenem Bad, Flachbild-TV und kostenfreiem WLAN ausgestattet. Alle Badezimmer verf\u00fcgen \u00fcber Dusche, WC, Bidet, Handt\u00fccher, Haartrockner und kostenlose Toilettenartikel. Tiere &hellip; <\/p>\n","protected":false},"author":1,"featured_media":0,"parent":0,"menu_order":0,"comment_status":"closed","ping_status":"closed","template":"","meta":{"footnotes":""},"class_list":["post-521","page","type-page","status-publish","hentry","latest_post"],"aioseo_notices":[],"_links":{"self":[{"href":"https:\/\/www.casapreziosa.it\/de\/wp-json\/wp\/v2\/pages\/521","targetHints":{"allow":["GET"]}}],"collection":[{"href":"https:\/\/www.casapreziosa.it\/de\/wp-json\/wp\/v2\/pages"}],"about":[{"href":"https:\/\/www.casapreziosa.it\/de\/wp-json\/wp\/v2\/types\/page"}],"author":[{"embeddable":true,"href":"https:\/\/www.casapreziosa.it\/de\/wp-json\/wp\/v2\/users\/1"}],"replies":[{"embeddable":true,"href":"https:\/\/www.casapreziosa.it\/de\/wp-json\/wp\/v2\/comments?post=521"}],"version-history":[{"count":1,"href":"https:\/\/www.casapreziosa.it\/de\/wp-json\/wp\/v2\/pages\/521\/revisions"}],"predecessor-version":[{"id":669,"href":"https:\/\/www.casapreziosa.it\/de\/wp-json\/wp\/v2\/pages\/521\/revisions\/669"}],"wp:attachment":[{"href":"https:\/\/www.casapreziosa.it\/de\/wp-json\/wp\/v2\/media?parent=521"}],"curies":[{"name":"wp","href":"https:\/\/api.w.org\/{rel}","templated":true}]}}